{"id":208,"date":"2013-04-14T17:20:23","date_gmt":"2013-04-14T16:20:23","guid":{"rendered":"http:\/\/www.bayernfanclub-saalachtal.de\/?page_id=208"},"modified":"2017-05-17T09:22:36","modified_gmt":"2017-05-17T08:22:36","slug":"sponsoren-partner","status":"publish","type":"page","link":"https:\/\/www.bayernfanclub-saalachtal.de\/?page_id=208","title":{"rendered":"Sponsoren \/ Partner"},"content":{"rendered":"<p><strong>Werbung auf unserer Homepage<\/strong><\/p>\n<p><strong>Wir sagen schon jetzt herzlichen Dank!<\/strong><\/p>\n<table style=\"height: 2068px;\" border=\"0\" width=\"625\">\n<tbody>\n<tr>\n<td width=\"310\">\u00a0<img loading=\"lazy\" decoding=\"async\" src=\"http:\/\/www.bayernfanclub-saalachtal.de\/wp-content\/uploads\/2013\/04\/sparkassebgl-300x114.jpg\" alt=\"sparkassebgl\" width=\"300\" height=\"114\" \/><\/td>\n<td style=\"vertical-align: top;\"><strong>Sparkasse BGL<\/strong><\/td>\n<\/tr>\n<tr>\n<td width=\"310\"><img loading=\"lazy\" decoding=\"async\" src=\"http:\/\/www.bayernfanclub-saalachtal.de\/wp-content\/uploads\/2013\/04\/BurgerKing-300x300.jpg\" alt=\"BurgerKing\" width=\"300\" height=\"300\" \/><\/td>\n<td style=\"vertical-align: top;\"><strong>Burger King <\/strong>-Ein Freigetr\u00e4nk bekommen Sie bei jeder Bestellung wenn Sie unseren Mitgliedsausweis vorlegen in folgenden Burger King Restaurants:<\/p>\n<ul>\n<li>Burger King Traunstein<\/li>\n<li>Burger King Wals<\/li>\n<li>Burger King Rosenheim<\/li>\n<li>Burger King M\u00fchldorf<\/li>\n<li>Burger King Piding<\/li>\n<\/ul>\n<\/td>\n<\/tr>\n<tr>\n<td width=\"310\"><img loading=\"lazy\" decoding=\"async\" src=\"http:\/\/www.bayernfanclub-saalachtal.de\/wp-content\/uploads\/2013\/04\/edeka-300x84.jpg\" alt=\"edeka\" width=\"300\" height=\"84\" \/><\/td>\n<td style=\"vertical-align: top;\"><strong>Edeka Dorrer<\/strong> &#8211;\u00a04 x im Berchtesgadener Land:<\/p>\n<ul>\n<li>Bad Reichenhall, M\u00fcnchner Allee 11<\/li>\n<li>Bad Reichenhall, Berchtesgadener Str. 7<\/li>\n<li>Bayerisch Gmain, Schillerallee\u00a0\u00a09<\/li>\n<li>Bischofswiesen, Reichenhaller Str.\u00a018-20<\/li>\n<\/ul>\n<\/td>\n<\/tr>\n<tr>\n<td width=\"310\"><img loading=\"lazy\" decoding=\"async\" src=\"http:\/\/www.bayernfanclub-saalachtal.de\/wp-content\/uploads\/2013\/04\/autohaus-bachfrieder-300x225.jpg\" alt=\"autohaus-bachfrieder\" width=\"300\" height=\"225\" \/><\/td>\n<td style=\"vertical-align: top;\"><strong>Autohaus Bachfrieder<\/strong> &#8211; Einkaufsvorteile der Mitglieder: 5 % auf Fahrzeug-Zubeh\u00f6r, wie z.B. Dachtr\u00e4ger, Fahrradtr\u00e4ger, Kindersitz, DVD-System, K\u00fchltaschen usw. Sowie 5 % auf alle Lifestyle Artikel, wie Kleidung, Kappen, USB-Stick usw. Informationen sind zu finden unter:<\/p>\n<ul>\n<li><a href=\"http:\/\/shop.bmwgroup.com\" target=\"_blank\" rel=\"noopener noreferrer\">shop.bmwgroup.com<\/a><\/li>\n<li><a href=\"http:\/\/www.mini.de\/shop\" target=\"_blank\" rel=\"noopener noreferrer\">mini.de\/shop<\/a><\/li>\n<li><a href=\"http:\/\/www.mini.de\/zubehoer\" target=\"_blank\" rel=\"noopener noreferrer\">mini.de\/zubehoer<\/a><\/li>\n<\/ul>\n<\/td>\n<\/tr>\n<tr>\n<td width=\"310\"><img loading=\"lazy\" decoding=\"async\" src=\"http:\/\/www.bayernfanclub-saalachtal.de\/wp-content\/uploads\/2013\/04\/riegel-holzhandel-300x115.jpg\" alt=\"riegel-holzhandel\" width=\"300\" height=\"146\" \/><\/td>\n<td style=\"vertical-align: top;\"><strong>Riegel Holzhandel GmbH <\/strong>&#8211; Hier bekommen Sie 5 % Rabatt im Holzfachmarkt<br \/>\nTel. 08654-570940<br \/>\n<a href=\"http:\/\/www.riegel-holzhandel.de\/\">www.riegel-holzhandel.de<\/a><\/td>\n<\/tr>\n<tr>\n<td width=\"310\"><\/td>\n<td style=\"vertical-align: top;\"><\/td>\n<\/tr>\n<tr>\n<td width=\"310\"><a href=\"http:\/\/www.bayernfanclub-saalachtal.de\/sponsoren-partner\/top\/\" rel=\"attachment wp-att-249\"><img loading=\"lazy\" decoding=\"async\" class=\"aligncenter\" src=\"http:\/\/www.bayernfanclub-saalachtal.de\/wp-content\/uploads\/2013\/04\/top.jpg\" alt=\"top\" width=\"300\" height=\"183\" \/><\/a><\/td>\n<td style=\"vertical-align: top;\"><strong>Top Getr\u00e4nkemarkt <\/strong>&#8211; In diesen M\u00e4rkten bekommen Sie nach Vorlage des Mitgliedsausweises 5 % Rabatt auf alle Getr\u00e4nke:<\/p>\n<ul>\n<li>Bad Reichenhall Innsbruckerstrasse 2<\/li>\n<li>Bad Reichenhall Reichenhallstrasse 9<\/li>\n<li>Piding Bahnhofstrasse 47<\/li>\n<li>Mitterfelden Industriestrasse 1<\/li>\n<li>Freilassing Reichenhallerstrasse 39<\/li>\n<li>Freilassing Bahnhofstrasse 9<\/li>\n<li>Sch\u00f6nau Achenweg 6<\/li>\n<li>Berchtesgaden K\u00f6nigseerstrasse 2<\/li>\n<\/ul>\n<p>&nbsp;<\/td>\n<\/tr>\n<\/tbody>\n<\/table>\n<p><a href=\"http:\/\/www.bayernfanclub-saalachtal.de\/wp-content\/uploads\/2015\/05\/K800_Bad-Reichenhaller-Mineralwasser.jpg\" rel=\"shadowbox[sbpost-208];player=img;\"><img loading=\"lazy\" decoding=\"async\" class=\"alignnone wp-image-2345\" src=\"http:\/\/www.bayernfanclub-saalachtal.de\/wp-content\/uploads\/2015\/05\/K800_Bad-Reichenhaller-Mineralwasser-300x57.jpg\" alt=\"K800_Bad Reichenhaller Mineralwasser\" width=\"322\" height=\"61\" \/><\/a><a href=\"http:\/\/www.bad-reichenhaller-mineralwasser.de\" target=\"_blank\" rel=\"noopener noreferrer\">www.bad-reichenhaller-mineralwasser.de<\/a><\/p>\n<p>Bei allen Fahrten in die Allianz-Arena wird in Zukunft das Bad Reichenhaller<br \/>\nMineralwasser angeboten. Selbstverst\u00e4ndlich gibt es auch weiterhin Spezi, Bier und<br \/>\nApfelschorle aus unserem Top Getr\u00e4nkemarkt.<\/p>\n<p>&nbsp;<\/p>\n<p>&nbsp;<\/p>\n<p>&nbsp;<\/p>\n<p>&nbsp;<\/p>\n<p>&nbsp;<\/p>\n<p>&nbsp;<\/p>\n<p>&nbsp;<\/p>\n<p>&nbsp;<\/p>\n<p>&nbsp;<\/p>\n<p>&nbsp;<\/p>\n<p>&nbsp;<\/p>\n<p>&nbsp;<\/p>\n<p>&nbsp;<\/p>\n<p>&nbsp;<\/p>\n<p>&nbsp;<\/p>\n<p>&nbsp;<\/p>\n<p>&nbsp;<\/p>\n","protected":false},"excerpt":{"rendered":"<p>Werbung auf unserer Homepage Wir sagen schon jetzt herzlichen Dank! \u00a0 Sparkasse BGL Burger King -Ein Freigetr\u00e4nk bekommen Sie bei jeder Bestellung wenn Sie unseren Mitgliedsausweis vorlegen in folgenden Burger King Restaurants: Burger King Traunstein Burger King Wals Burger King &hellip; <a href=\"https:\/\/www.bayernfanclub-saalachtal.de\/?page_id=208\">Weiterlesen <span class=\"meta-nav\">&rarr;<\/span><\/a><\/p>\n","protected":false},"author":1,"featured_media":0,"parent":0,"menu_order":0,"comment_status":"closed","ping_status":"closed","template":"","meta":{"_mc_calendar":[],"footnotes":""},"class_list":["post-208","page","type-page","status-publish","hentry"],"_links":{"self":[{"href":"https:\/\/www.bayernfanclub-saalachtal.de\/index.php?rest_route=\/wp\/v2\/pages\/208","targetHints":{"allow":["GET"]}}],"collection":[{"href":"https:\/\/www.bayernfanclub-saalachtal.de\/index.php?rest_route=\/wp\/v2\/pages"}],"about":[{"href":"https:\/\/www.bayernfanclub-saalachtal.de\/index.php?rest_route=\/wp\/v2\/types\/page"}],"author":[{"embeddable":true,"href":"https:\/\/www.bayernfanclub-saalachtal.de\/index.php?rest_route=\/wp\/v2\/users\/1"}],"replies":[{"embeddable":true,"href":"https:\/\/www.bayernfanclub-saalachtal.de\/index.php?rest_route=%2Fwp%2Fv2%2Fcomments&post=208"}],"version-history":[{"count":73,"href":"https:\/\/www.bayernfanclub-saalachtal.de\/index.php?rest_route=\/wp\/v2\/pages\/208\/revisions"}],"predecessor-version":[{"id":4414,"href":"https:\/\/www.bayernfanclub-saalachtal.de\/index.php?rest_route=\/wp\/v2\/pages\/208\/revisions\/4414"}],"wp:attachment":[{"href":"https:\/\/www.bayernfanclub-saalachtal.de\/index.php?rest_route=%2Fwp%2Fv2%2Fmedia&parent=208"}],"curies":[{"name":"wp","href":"https:\/\/api.w.org\/{rel}","templated":true}]}}