{"id":18,"date":"2013-02-16T21:28:32","date_gmt":"2013-02-16T19:28:32","guid":{"rendered":"http:\/\/www.bayernfanclub-saalachtal.de\/?page_id=18"},"modified":"2016-02-17T16:52:07","modified_gmt":"2016-02-17T15:52:07","slug":"vorstand","status":"publish","type":"page","link":"https:\/\/www.bayernfanclub-saalachtal.de\/?page_id=18","title":{"rendered":"Vorstand"},"content":{"rendered":"<table border=\"0\" width=\"100%\">\n<tbody>\n<tr>\n<td><a href=\"http:\/\/www.bayernfanclub-saalachtal.de\/wp-content\/uploads\/2013\/02\/1-Vorstand_Peter_Ranninger.jpg\" rel=\"shadowbox[sbpost-18];player=img;\"><img loading=\"lazy\" decoding=\"async\" class=\"alignnone size-thumbnail wp-image-39\" src=\"http:\/\/www.bayernfanclub-saalachtal.de\/wp-content\/uploads\/2013\/02\/1-Vorstand_Peter_Ranninger-150x150.jpg\" alt=\"1-Vorstand_Peter_Ranninger\" width=\"150\" height=\"150\" srcset=\"https:\/\/www.bayernfanclub-saalachtal.de\/wp-content\/uploads\/2013\/02\/1-Vorstand_Peter_Ranninger-150x150.jpg 150w, https:\/\/www.bayernfanclub-saalachtal.de\/wp-content\/uploads\/2013\/02\/1-Vorstand_Peter_Ranninger-148x148.jpg 148w, https:\/\/www.bayernfanclub-saalachtal.de\/wp-content\/uploads\/2013\/02\/1-Vorstand_Peter_Ranninger-31x31.jpg 31w, https:\/\/www.bayernfanclub-saalachtal.de\/wp-content\/uploads\/2013\/02\/1-Vorstand_Peter_Ranninger-38x38.jpg 38w, https:\/\/www.bayernfanclub-saalachtal.de\/wp-content\/uploads\/2013\/02\/1-Vorstand_Peter_Ranninger-215x215.jpg 215w, https:\/\/www.bayernfanclub-saalachtal.de\/wp-content\/uploads\/2013\/02\/1-Vorstand_Peter_Ranninger.jpg 250w\" sizes=\"auto, (max-width: 150px) 100vw, 150px\" \/><\/a><\/td>\n<td style=\"vertical-align: top;\">1. Vorstand Peter Ranninger<br \/>\n<a href=\"mailto:petersfilm@web.de\">petersfilm@web.de<\/a> &#8211;<\/td>\n<\/tr>\n<tr>\n<td><a href=\"http:\/\/www.bayernfanclub-saalachtal.de\/wp-content\/uploads\/2013\/02\/2-Vorstand_Helmuth_Loibl.jpg\" rel=\"shadowbox[sbpost-18];player=img;\"><img loading=\"lazy\" decoding=\"async\" class=\"alignnone size-thumbnail wp-image-41\" src=\"http:\/\/www.bayernfanclub-saalachtal.de\/wp-content\/uploads\/2013\/02\/2-Vorstand_Helmuth_Loibl-150x150.jpg\" alt=\"2-Vorstand_Helmuth_Loibl\" width=\"150\" height=\"150\" srcset=\"https:\/\/www.bayernfanclub-saalachtal.de\/wp-content\/uploads\/2013\/02\/2-Vorstand_Helmuth_Loibl-150x150.jpg 150w, https:\/\/www.bayernfanclub-saalachtal.de\/wp-content\/uploads\/2013\/02\/2-Vorstand_Helmuth_Loibl-148x148.jpg 148w, https:\/\/www.bayernfanclub-saalachtal.de\/wp-content\/uploads\/2013\/02\/2-Vorstand_Helmuth_Loibl-31x31.jpg 31w, https:\/\/www.bayernfanclub-saalachtal.de\/wp-content\/uploads\/2013\/02\/2-Vorstand_Helmuth_Loibl-38x38.jpg 38w, https:\/\/www.bayernfanclub-saalachtal.de\/wp-content\/uploads\/2013\/02\/2-Vorstand_Helmuth_Loibl-215x215.jpg 215w, https:\/\/www.bayernfanclub-saalachtal.de\/wp-content\/uploads\/2013\/02\/2-Vorstand_Helmuth_Loibl.jpg 250w\" sizes=\"auto, (max-width: 150px) 100vw, 150px\" \/><\/a><\/td>\n<td style=\"vertical-align: top;\">2. Vorstand Helmuth Loibl<br \/>\n<a href=\"mailto:Helmuth_Loibl@web.de\">Helmuth_Loibl@web.de<\/a><\/td>\n<\/tr>\n<tr>\n<td><a href=\"http:\/\/www.bayernfanclub-saalachtal.de\/wp-content\/uploads\/2013\/02\/1-Schatzmeisterin_Christa_Ranninger.jpg\" rel=\"shadowbox[sbpost-18];player=img;\"><img loading=\"lazy\" decoding=\"async\" class=\"alignnone size-thumbnail wp-image-37\" src=\"http:\/\/www.bayernfanclub-saalachtal.de\/wp-content\/uploads\/2013\/02\/1-Schatzmeisterin_Christa_Ranninger-150x150.jpg\" alt=\"1-Schatzmeisterin_Christa_Ranninger\" width=\"150\" height=\"150\" srcset=\"https:\/\/www.bayernfanclub-saalachtal.de\/wp-content\/uploads\/2013\/02\/1-Schatzmeisterin_Christa_Ranninger-150x150.jpg 150w, https:\/\/www.bayernfanclub-saalachtal.de\/wp-content\/uploads\/2013\/02\/1-Schatzmeisterin_Christa_Ranninger-148x148.jpg 148w, https:\/\/www.bayernfanclub-saalachtal.de\/wp-content\/uploads\/2013\/02\/1-Schatzmeisterin_Christa_Ranninger-31x31.jpg 31w, https:\/\/www.bayernfanclub-saalachtal.de\/wp-content\/uploads\/2013\/02\/1-Schatzmeisterin_Christa_Ranninger-38x38.jpg 38w, https:\/\/www.bayernfanclub-saalachtal.de\/wp-content\/uploads\/2013\/02\/1-Schatzmeisterin_Christa_Ranninger-215x215.jpg 215w, https:\/\/www.bayernfanclub-saalachtal.de\/wp-content\/uploads\/2013\/02\/1-Schatzmeisterin_Christa_Ranninger.jpg 250w\" sizes=\"auto, (max-width: 150px) 100vw, 150px\" \/><\/a><\/td>\n<td style=\"vertical-align: top;\">1. Schatzmeisterin Christa Ranninger<br \/>\n<a href=\"mailto:petersfilm@bgl-net.de\">petersfilm@bgl-net.de<\/a><\/td>\n<\/tr>\n<tr>\n<td style=\"text-align: left;\"><img loading=\"lazy\" decoding=\"async\" class=\" wp-image-3395 alignnone\" src=\"http:\/\/www.bayernfanclub-saalachtal.de\/wp-content\/uploads\/2013\/02\/K800_DSC_0001-300x201.jpg\" alt=\"K800_DSC_0001\" width=\"161\" height=\"108\" srcset=\"https:\/\/www.bayernfanclub-saalachtal.de\/wp-content\/uploads\/2013\/02\/K800_DSC_0001-300x201.jpg 300w, https:\/\/www.bayernfanclub-saalachtal.de\/wp-content\/uploads\/2013\/02\/K800_DSC_0001-768x514.jpg 768w, https:\/\/www.bayernfanclub-saalachtal.de\/wp-content\/uploads\/2013\/02\/K800_DSC_0001.jpg 896w\" sizes=\"auto, (max-width: 161px) 100vw, 161px\" \/><\/td>\n<td style=\"vertical-align: top;\">\u00a02. Schatzmeister Tunay \u00d6ztunc<br \/>\nTunay@holzschindeln.de<\/td>\n<\/tr>\n<tr>\n<td><a href=\"http:\/\/www.bayernfanclub-saalachtal.de\/wp-content\/uploads\/2013\/02\/1-Schriftf\u00fchrerin_Walli_Geigl.jpg\" rel=\"shadowbox[sbpost-18];player=img;\"><img loading=\"lazy\" decoding=\"async\" class=\"alignnone size-thumbnail wp-image-38\" src=\"http:\/\/www.bayernfanclub-saalachtal.de\/wp-content\/uploads\/2013\/02\/1-Schriftf\u00fchrerin_Walli_Geigl-150x150.jpg\" alt=\"1-Schriftf\u00fchrerin_Walli_Geigl\" width=\"150\" height=\"150\" srcset=\"https:\/\/www.bayernfanclub-saalachtal.de\/wp-content\/uploads\/2013\/02\/1-Schriftf\u00fchrerin_Walli_Geigl-150x150.jpg 150w, https:\/\/www.bayernfanclub-saalachtal.de\/wp-content\/uploads\/2013\/02\/1-Schriftf\u00fchrerin_Walli_Geigl-148x148.jpg 148w, https:\/\/www.bayernfanclub-saalachtal.de\/wp-content\/uploads\/2013\/02\/1-Schriftf\u00fchrerin_Walli_Geigl-31x31.jpg 31w, https:\/\/www.bayernfanclub-saalachtal.de\/wp-content\/uploads\/2013\/02\/1-Schriftf\u00fchrerin_Walli_Geigl-38x38.jpg 38w, https:\/\/www.bayernfanclub-saalachtal.de\/wp-content\/uploads\/2013\/02\/1-Schriftf\u00fchrerin_Walli_Geigl-215x215.jpg 215w, https:\/\/www.bayernfanclub-saalachtal.de\/wp-content\/uploads\/2013\/02\/1-Schriftf\u00fchrerin_Walli_Geigl.jpg 250w\" sizes=\"auto, (max-width: 150px) 100vw, 150px\" \/><\/a><\/td>\n<td style=\"vertical-align: top;\">1. Schriftf\u00fchrerin Walli Geigl-\u00d6ztunc<br \/>\n<a href=\"mailto:walli@holzschindeln.de\">walli@holzschindeln.de<\/a><\/td>\n<\/tr>\n<tr>\n<td><a href=\"http:\/\/www.bayernfanclub-saalachtal.de\/wp-content\/uploads\/2013\/02\/Beisitzer_Georg_Schneider.jpg\" rel=\"shadowbox[sbpost-18];player=img;\"><img loading=\"lazy\" decoding=\"async\" class=\"alignnone size-thumbnail wp-image-42\" src=\"http:\/\/www.bayernfanclub-saalachtal.de\/wp-content\/uploads\/2013\/02\/Beisitzer_Georg_Schneider-150x150.jpg\" alt=\"Beisitzer_Georg_Schneider\" width=\"150\" height=\"150\" srcset=\"https:\/\/www.bayernfanclub-saalachtal.de\/wp-content\/uploads\/2013\/02\/Beisitzer_Georg_Schneider-150x150.jpg 150w, https:\/\/www.bayernfanclub-saalachtal.de\/wp-content\/uploads\/2013\/02\/Beisitzer_Georg_Schneider-148x148.jpg 148w, https:\/\/www.bayernfanclub-saalachtal.de\/wp-content\/uploads\/2013\/02\/Beisitzer_Georg_Schneider-31x31.jpg 31w, https:\/\/www.bayernfanclub-saalachtal.de\/wp-content\/uploads\/2013\/02\/Beisitzer_Georg_Schneider-38x38.jpg 38w, https:\/\/www.bayernfanclub-saalachtal.de\/wp-content\/uploads\/2013\/02\/Beisitzer_Georg_Schneider-215x215.jpg 215w, https:\/\/www.bayernfanclub-saalachtal.de\/wp-content\/uploads\/2013\/02\/Beisitzer_Georg_Schneider.jpg 250w\" sizes=\"auto, (max-width: 150px) 100vw, 150px\" \/><\/a><\/td>\n<td style=\"vertical-align: top;\">Beisitzer Georg Schneider<br \/>\n<a href=\"mailto:info@gsholzkarten.de\">info@gsholzkarten.de<\/a><\/td>\n<\/tr>\n<tr>\n<td><a href=\"http:\/\/www.bayernfanclub-saalachtal.de\/wp-content\/uploads\/2013\/02\/Beisitzer_Heinz_Holdhaus.jpg\" rel=\"shadowbox[sbpost-18];player=img;\"><img loading=\"lazy\" decoding=\"async\" class=\"alignnone size-thumbnail wp-image-43\" src=\"http:\/\/www.bayernfanclub-saalachtal.de\/wp-content\/uploads\/2013\/02\/Beisitzer_Heinz_Holdhaus-150x150.jpg\" alt=\"Beisitzer_Heinz_Holdhaus\" width=\"150\" height=\"150\" srcset=\"https:\/\/www.bayernfanclub-saalachtal.de\/wp-content\/uploads\/2013\/02\/Beisitzer_Heinz_Holdhaus-150x150.jpg 150w, https:\/\/www.bayernfanclub-saalachtal.de\/wp-content\/uploads\/2013\/02\/Beisitzer_Heinz_Holdhaus-148x148.jpg 148w, https:\/\/www.bayernfanclub-saalachtal.de\/wp-content\/uploads\/2013\/02\/Beisitzer_Heinz_Holdhaus-31x31.jpg 31w, https:\/\/www.bayernfanclub-saalachtal.de\/wp-content\/uploads\/2013\/02\/Beisitzer_Heinz_Holdhaus-38x38.jpg 38w, https:\/\/www.bayernfanclub-saalachtal.de\/wp-content\/uploads\/2013\/02\/Beisitzer_Heinz_Holdhaus-215x215.jpg 215w, https:\/\/www.bayernfanclub-saalachtal.de\/wp-content\/uploads\/2013\/02\/Beisitzer_Heinz_Holdhaus.jpg 250w\" sizes=\"auto, (max-width: 150px) 100vw, 150px\" \/><\/a><\/td>\n<td style=\"vertical-align: top;\">Beisitzer Heinz Holdhaus<br \/>\n<a href=\"mailto:holdi.h@gmx.de\">holdi.h@gmx.de<\/a><\/td>\n<\/tr>\n<tr>\n<td><a href=\"http:\/\/www.bayernfanclub-saalachtal.de\/wp-content\/uploads\/2013\/02\/Beisitzer_Hermann_Lindner.jpg\" rel=\"shadowbox[sbpost-18];player=img;\"><img loading=\"lazy\" decoding=\"async\" class=\"alignnone size-thumbnail wp-image-44\" src=\"http:\/\/www.bayernfanclub-saalachtal.de\/wp-content\/uploads\/2013\/02\/Beisitzer_Hermann_Lindner-150x150.jpg\" alt=\"OLYMPUS DIGITAL CAMERA\" width=\"150\" height=\"150\" srcset=\"https:\/\/www.bayernfanclub-saalachtal.de\/wp-content\/uploads\/2013\/02\/Beisitzer_Hermann_Lindner-150x150.jpg 150w, https:\/\/www.bayernfanclub-saalachtal.de\/wp-content\/uploads\/2013\/02\/Beisitzer_Hermann_Lindner-148x148.jpg 148w, https:\/\/www.bayernfanclub-saalachtal.de\/wp-content\/uploads\/2013\/02\/Beisitzer_Hermann_Lindner-31x31.jpg 31w, https:\/\/www.bayernfanclub-saalachtal.de\/wp-content\/uploads\/2013\/02\/Beisitzer_Hermann_Lindner-38x38.jpg 38w, https:\/\/www.bayernfanclub-saalachtal.de\/wp-content\/uploads\/2013\/02\/Beisitzer_Hermann_Lindner-215x215.jpg 215w, https:\/\/www.bayernfanclub-saalachtal.de\/wp-content\/uploads\/2013\/02\/Beisitzer_Hermann_Lindner.jpg 250w\" sizes=\"auto, (max-width: 150px) 100vw, 150px\" \/><\/a><\/td>\n<td style=\"vertical-align: top;\">Beisitzer Hermann Lindner<br \/>\n<a href=\"mailto:hermanngitti@web.de\">hermanngitti@web.de<\/a><\/td>\n<\/tr>\n<\/tbody>\n<\/table>\n","protected":false},"excerpt":{"rendered":"<p>1. Vorstand Peter Ranninger petersfilm@web.de &#8211; 2. Vorstand Helmuth Loibl Helmuth_Loibl@web.de 1. Schatzmeisterin Christa Ranninger petersfilm@bgl-net.de \u00a02. Schatzmeister Tunay \u00d6ztunc Tunay@holzschindeln.de 1. Schriftf\u00fchrerin Walli Geigl-\u00d6ztunc walli@holzschindeln.de Beisitzer Georg Schneider info@gsholzkarten.de Beisitzer Heinz Holdhaus holdi.h@gmx.de Beisitzer Hermann Lindner hermanngitti@web.de<\/p>\n","protected":false},"author":1,"featured_media":0,"parent":2,"menu_order":0,"comment_status":"closed","ping_status":"closed","template":"","meta":{"_mc_calendar":[],"footnotes":""},"class_list":["post-18","page","type-page","status-publish","hentry"],"_links":{"self":[{"href":"https:\/\/www.bayernfanclub-saalachtal.de\/index.php?rest_route=\/wp\/v2\/pages\/18","targetHints":{"allow":["GET"]}}],"collection":[{"href":"https:\/\/www.bayernfanclub-saalachtal.de\/index.php?rest_route=\/wp\/v2\/pages"}],"about":[{"href":"https:\/\/www.bayernfanclub-saalachtal.de\/index.php?rest_route=\/wp\/v2\/types\/page"}],"author":[{"embeddable":true,"href":"https:\/\/www.bayernfanclub-saalachtal.de\/index.php?rest_route=\/wp\/v2\/users\/1"}],"replies":[{"embeddable":true,"href":"https:\/\/www.bayernfanclub-saalachtal.de\/index.php?rest_route=%2Fwp%2Fv2%2Fcomments&post=18"}],"version-history":[{"count":22,"href":"https:\/\/www.bayernfanclub-saalachtal.de\/index.php?rest_route=\/wp\/v2\/pages\/18\/revisions"}],"predecessor-version":[{"id":3396,"href":"https:\/\/www.bayernfanclub-saalachtal.de\/index.php?rest_route=\/wp\/v2\/pages\/18\/revisions\/3396"}],"up":[{"embeddable":true,"href":"https:\/\/www.bayernfanclub-saalachtal.de\/index.php?rest_route=\/wp\/v2\/pages\/2"}],"wp:attachment":[{"href":"https:\/\/www.bayernfanclub-saalachtal.de\/index.php?rest_route=%2Fwp%2Fv2%2Fmedia&parent=18"}],"curies":[{"name":"wp","href":"https:\/\/api.w.org\/{rel}","templated":true}]}}